{"id":4794,"date":"2026-01-22T19:49:18","date_gmt":"2026-01-22T18:49:18","guid":{"rendered":"https:\/\/www.languagecorner.amsterdam\/?page_id=4794"},"modified":"2026-02-01T14:17:18","modified_gmt":"2026-02-01T13:17:18","slug":"online","status":"publish","type":"page","link":"https:\/\/www.languagecorner.amsterdam\/nl\/engelse-cursussen\/online\/","title":{"rendered":"Online cursussen Engels"},"content":{"rendered":"\n<main class=\"wp-block-uagb-container uagb-block-abea35ed alignfull uagb-is-root-container\">\n<article class=\"wp-block-uagb-container uagb-block-fe0dd366 alignfull uagb-is-root-container\"><div class=\"uagb-container-inner-blocks-wrap\">\n<div class=\"wp-block-uagb-container uagb-block-327ac9cc alignfull uagb-is-root-container\"><div class=\"uagb-container-inner-blocks-wrap\"><div class=\"yoast-breadcrumbs\"><span><span><a href=\"https:\/\/www.languagecorner.amsterdam\/nl\/\">Home<\/a><\/span> \u00bb <span><a href=\"https:\/\/www.languagecorner.amsterdam\/nl\/engelse-cursussen\/\">Engelse cursussen<\/a><\/span> \u00bb <span class=\"breadcrumb_last\" aria-current=\"page\">Online cursussen<\/span><\/span><\/div><\/div><\/div>\n\n\n\n<section class=\"wp-block-uagb-container uagb-block-dd564fc5 alignfull uagb-is-root-container\"><div class=\"uagb-container-inner-blocks-wrap\">\n<div class=\"wp-block-uagb-container uagb-block-8f660362\">\n<header class=\"wp-block-uagb-advanced-heading uagb-block-725a4139\"><h1 class=\"uagb-heading-text\">Onze online Engelse cursussen<\/h1><div class=\"uagb-separator\"><\/div><\/header>\n\n\n\n<div class=\"wp-block-uagb-advanced-heading uagb-block-7daef3a3\"><p class=\"uagb-desc-text\">Wil je je Engels online verbeteren? Kies voor flexibele online Engelse lessen en studeer waar je maar wilt.<br><br>Lees op deze pagina meer over al onze online Engelse lessen.<\/p><\/div>\n\n\n\n<p><em>Volg je liever lessen op onze locatie in Amsterdam? Bekijk dan al onze <a href=\"https:\/\/www.languagecorner.amsterdam\/nl\/engelse-cursussen\/\" type=\"page\" id=\"4726\">cursussen Engels<\/a>.<\/em> <em>Alle Engelse cursussen kunnen ook op onze locatie in Amsterdam worden gevolgd.<\/em><\/p>\n\n\n\n<div class=\"wp-block-uagb-container uagb-block-88a918e3\">\n<div class=\"wp-block-uagb-buttons uagb-buttons__outer-wrap uagb-btn__default-btn uagb-btn-tablet__default-btn uagb-btn-mobile__default-btn uagb-block-684bbdde\"><div class=\"uagb-buttons__wrap uagb-buttons-layout-wrap \">\n<div class=\"wp-block-uagb-buttons-child uagb-buttons__outer-wrap uagb-block-7a3674e5 wp-block-button btn--secondary\"><div class=\"uagb-button__wrapper\"><a class=\"uagb-buttons-repeater wp-block-button__link\" aria-label=\"\" href=\"#courses\" rel=\"follow noopener\" target=\"_self\" role=\"button\"><div class=\"uagb-button__link\">Lees meer<\/div><\/a><\/div><\/div>\n<\/div><\/div>\n<\/div>\n\n\n\n<div class=\"wp-block-uagb-container uagb-block-47753c46\">\n<figure class=\"wp-block-uagb-container uagb-block-dad11c1b\">      \n\t\t\t<div class=\"uagb-icon-wrapper uagb-block-280712d2      \"\n\t\t\tstyle=\"\" >\n\t\t\t\t\t\t\t\t\t<span class=\"uagb-svg-wrapper\" \n\t\t\t\t\t aria-label=\"laptop\"\t\t\t\t\ttabindex=\"0\">\t\t\n\t\t\t\t\t\t\t\t\t\t<svg xmlns=\"https:\/\/www.w3.org\/2000\/svg\" viewBox= \"0 0 640 512\" role=\"graphics-symbol\" aria-hidden=\"false\" aria-label=\"\"><path d=\"M128 96h384v256h64v-272c0-26.38-21.62-48-48-48h-416c-26.38 0-48 21.62-48 48V352h64V96zM624 383.1h-608c-8.75 0-16 7.25-16 16v16c0 35.25 28.75 64 64 64h512c35.25 0 64-28.75 64-64v-16C640 391.2 632.8 383.1 624 383.1z\"><\/path><\/svg>\n\t\t\t\t\t\t\t\t\t<\/span>\n\t\t\t\t\t\t\t<\/div>\n\t\t\t\n\n\n<figcaption class=\"wp-block-uagb-container uagb-block-05e5d100\">\n<div class=\"wp-block-uagb-advanced-heading uagb-block-828818d4\"><p class=\"uagb-heading-text\"><strong>Leer vanuit huis<\/strong><\/p><\/div>\n<\/figcaption>\n<\/figure>\n\n\n\n<figure class=\"wp-block-uagb-container uagb-block-d00f8cbb\">      \n\t\t\t<div class=\"uagb-icon-wrapper uagb-block-3238b348      \"\n\t\t\tstyle=\"\" >\n\t\t\t\t\t\t\t\t\t<span class=\"uagb-svg-wrapper\" \n\t\t\t\t\t aria-label=\"chart-line\"\t\t\t\t\ttabindex=\"0\">\t\t\n\t\t\t\t\t\t\t\t\t\t<svg xmlns=\"https:\/\/www.w3.org\/2000\/svg\" viewBox= \"0 0 512 512\" role=\"graphics-symbol\" aria-hidden=\"false\" aria-label=\"\"><path d=\"M64 400C64 408.8 71.16 416 80 416H480C497.7 416 512 430.3 512 448C512 465.7 497.7 480 480 480H80C35.82 480 0 444.2 0 400V64C0 46.33 14.33 32 32 32C49.67 32 64 46.33 64 64V400zM342.6 278.6C330.1 291.1 309.9 291.1 297.4 278.6L240 221.3L150.6 310.6C138.1 323.1 117.9 323.1 105.4 310.6C92.88 298.1 92.88 277.9 105.4 265.4L217.4 153.4C229.9 140.9 250.1 140.9 262.6 153.4L320 210.7L425.4 105.4C437.9 92.88 458.1 92.88 470.6 105.4C483.1 117.9 483.1 138.1 470.6 150.6L342.6 278.6z\"><\/path><\/svg>\n\t\t\t\t\t\t\t\t\t<\/span>\n\t\t\t\t\t\t\t<\/div>\n\t\t\t\n\n\n<figcaption class=\"wp-block-uagb-container uagb-block-25d53778\">\n<div class=\"wp-block-uagb-advanced-heading uagb-block-e2f88d2a\"><p class=\"uagb-heading-text\"><strong>Voor alle niveaus<\/strong><\/p><\/div>\n<\/figcaption>\n<\/figure>\n\n\n\n<figure class=\"wp-block-uagb-container uagb-block-c6e2549a\">      \n\t\t\t<div class=\"uagb-icon-wrapper uagb-block-8dcc7050      \"\n\t\t\tstyle=\"\" >\n\t\t\t\t\t\t\t\t\t<span class=\"uagb-svg-wrapper\" \n\t\t\t\t\t aria-label=\"face-smile-beam\"\t\t\t\t\ttabindex=\"0\">\t\t\n\t\t\t\t\t\t\t\t\t\t<svg xmlns=\"https:\/\/www.w3.org\/2000\/svg\" viewBox= \"0 0 512 512\" role=\"graphics-symbol\" aria-hidden=\"false\" aria-label=\"\"><path d=\"M0 256C0 114.6 114.6 0 256 0C397.4 0 512 114.6 512 256C512 397.4 397.4 512 256 512C114.6 512 0 397.4 0 256zM164.1 325.5C158.3 318.8 148.2 318.1 141.5 323.9C134.8 329.7 134.1 339.8 139.9 346.5C162.1 372.1 200.9 400 255.1 400C311.1 400 349.8 372.1 372.1 346.5C377.9 339.8 377.2 329.7 370.5 323.9C363.8 318.1 353.7 318.8 347.9 325.5C329.9 346.2 299.4 368 255.1 368C212.6 368 182 346.2 164.1 325.5H164.1zM226.5 231.6C229.8 230.5 232 227.4 232 224C232 206.1 225.3 188.4 215.4 175.2C205.6 162.2 191.5 152 176 152C160.5 152 146.4 162.2 136.6 175.2C126.7 188.4 120 206.1 120 224C120 227.4 122.2 230.5 125.5 231.6C128.7 232.7 132.3 231.6 134.4 228.8L134.4 228.8L134.6 228.5C134.8 228.3 134.1 228 135.3 227.6C135.1 226.8 136.9 225.7 138.1 224.3C140.6 221.4 144.1 217.7 148.3 213.1C157.1 206.2 167.2 200 176 200C184.8 200 194.9 206.2 203.7 213.1C207.9 217.7 211.4 221.4 213.9 224.3C215.1 225.7 216 226.8 216.7 227.6C217 228 217.2 228.3 217.4 228.5L217.6 228.8L217.6 228.8C219.7 231.6 223.3 232.7 226.5 231.6V231.6zM377.6 228.8C379.7 231.6 383.3 232.7 386.5 231.6C389.8 230.5 392 227.4 392 224C392 206.1 385.3 188.4 375.4 175.2C365.6 162.2 351.5 152 336 152C320.5 152 306.4 162.2 296.6 175.2C286.7 188.4 280 206.1 280 224C280 227.4 282.2 230.5 285.5 231.6C288.7 232.7 292.3 231.6 294.4 228.8L294.4 228.8L294.6 228.5C294.8 228.3 294.1 228 295.3 227.6C295.1 226.8 296.9 225.7 298.1 224.3C300.6 221.4 304.1 217.7 308.3 213.1C317.1 206.2 327.2 200 336 200C344.8 200 354.9 206.2 363.7 213.1C367.9 217.7 371.4 221.4 373.9 224.3C375.1 225.7 376 226.8 376.7 227.6C377 228 377.2 228.3 377.4 228.5L377.6 228.8L377.6 228.8z\"><\/path><\/svg>\n\t\t\t\t\t\t\t\t\t<\/span>\n\t\t\t\t\t\t\t<\/div>\n\t\t\t\n\n\n<figcaption class=\"wp-block-uagb-container uagb-block-4350299d\">\n<div class=\"wp-block-uagb-advanced-heading uagb-block-21e28cbc\"><p class=\"uagb-heading-text\"><strong>Geweldige docenten<\/strong><\/p><\/div>\n<\/figcaption>\n<\/figure>\n<\/div>\n<\/div>\n<\/div><\/section>\n\n\n\n<section id=\"courses\" class=\"wp-block-uagb-container uagb-block-5790a37c alignfull uagb-is-root-container\"><div class=\"uagb-container-inner-blocks-wrap\">\n<div class=\"wp-block-uagb-container uagb-block-38f7e2d8\">\n<header class=\"wp-block-uagb-advanced-heading uagb-block-ee031bfc\"><h2 class=\"uagb-heading-text\">Over onze online Engelse priv\u00e9lessen<\/h2><div class=\"uagb-separator\"><\/div><\/header>\n\n\n\n<div class=\"wp-block-uagb-container uagb-block-485ab226\">\n<div class=\"wp-block-uagb-container uagb-block-326fa0a9\">\n<p>Met online priv\u00e9lessen Engels (1-op-1) bepaal je zelf het tempo en de intensiteit van de lessen. Je krijgt de volledige aandacht van de docent, waardoor je in vergelijking met groepscursussen vaak sneller vooruitgang boekt.<\/p>\n<\/div>\n<\/div>\n<\/div>\n\n\n\n<div class=\"wp-block-uagb-container uagb-block-ca6620dc\">\n<div class=\"wp-block-uagb-container uagb-block-fa4d14ee\">\n<div class=\"wp-block-uagb-container uagb-block-66121360\">\n<div class=\"wp-block-uagb-container uagb-block-9cf09868\">\n<div class=\"wp-block-uagb-advanced-heading uagb-block-660e60eb\"><h6 class=\"uagb-heading-text\"><strong>Pas de lessen aan zoals jij dat wilt<\/strong><\/h6><\/div>\n\n\n\n<p>Onze online lessen Engels zijn de beste manier om het niveau te bereiken dat jij voor ogen hebt. De lessen zijn zeer interactief en gebaseerd op lesmethodes die het beste bij jou passen. Zo boek je sneller resultaat en kun je de lessen volledig afstemmen op jouw wensen.<\/p>\n\n\n\n<div class=\"wp-block-uagb-advanced-heading uagb-block-14bb8231\"><h6 class=\"uagb-heading-text\"><strong><strong>Focus op specifieke onderdelen<\/strong><\/strong><\/h6><\/div>\n\n\n\n<p>Je kunt je bijvoorbeeld richten op sollicitaties, het verbeteren van je schrijfvaardigheid of het spreken van Engels. Ook is het mogelijk om je specifiek voor te bereiden op een internationaal Engels examen of om te focussen op werksituatie (business English).<\/p>\n<\/div>\n<\/div>\n<\/div>\n\n\n\n<div class=\"wp-block-uagb-container uagb-block-0610b28b\"><\/div>\n<\/div>\n\n\n\n<div class=\"wp-block-uagb-container uagb-block-f0251c75\">\n<div class=\"wp-block-buttons is-content-justification-left is-layout-flex wp-container-core-buttons-is-layout-fc4fd283 wp-block-buttons-is-layout-flex\">\n<div class=\"wp-block-button\"><a class=\"wp-block-button__link wp-element-button\" href=\"https:\/\/www.languagecorner.amsterdam\/nl\/engelse-cursussen\/privelessen\/\">Ga naar priv\u00e9lessen<\/a><\/div>\n<\/div>\n<\/div>\n<\/div><\/section>\n\n\n\n<div class=\"wp-block-uagb-container uagb-block-0e5da39d alignfull uagb-is-root-container\"><div class=\"uagb-container-inner-blocks-wrap\"><\/div><\/div>\n\n\n\n<section class=\"wp-block-uagb-container uagb-block-c8c82f2f alignfull uagb-is-root-container\"><div class=\"uagb-container-inner-blocks-wrap\">\n<div class=\"wp-block-uagb-container uagb-block-d9764127\">\n<header class=\"wp-block-uagb-advanced-heading uagb-block-4aa2b045\"><h2 class=\"uagb-heading-text\">Studeer Engels waar je maar wilt!<\/h2><div class=\"uagb-separator\"><\/div><\/header>\n\n\n\n<div class=\"wp-block-uagb-container uagb-block-5b3cc73e\">\n<div class=\"wp-block-uagb-container uagb-block-0516d27c\">\n<p>Onze online Engelse cursussen zijn ontworpen om je te helpen de Engelse taal op een flexibele en effectieve manier te verbeteren. Je kunt de privelessen online volgen. Alle lessen worden live gegeven door ervaren docenten en volgen de ERK-niveaus (CEFR). Leer Engels online, waar je ook bent, in je eigen tempo.<\/p>\n<\/div>\n<\/div>\n<\/div>\n<\/div><\/section>\n<\/div><\/article>\n<\/main>\n","protected":false},"excerpt":{"rendered":"<p>Onze online Engelse cursussen Wil je je Engels online verbeteren? Kies voor flexibele online Engelse lessen en studeer waar je maar wilt. Lees op deze pagina meer over al onze online Engelse lessen. Volg je liever lessen op onze locatie in Amsterdam? Bekijk dan al onze cursussen Engels. Alle Engelse cursussen kunnen ook op onze [&hellip;]<\/p>\n","protected":false},"author":1,"featured_media":3341,"parent":4726,"menu_order":0,"comment_status":"closed","ping_status":"closed","template":"","meta":{"_acf_changed":false,"_uag_custom_page_level_css":"","site-sidebar-layout":"no-sidebar","site-content-layout":"page-builder","ast-site-content-layout":"full-width-container","site-content-style":"unboxed","site-sidebar-style":"unboxed","ast-global-header-display":"","ast-banner-title-visibility":"","ast-main-header-display":"","ast-hfb-above-header-display":"","ast-hfb-below-header-display":"","ast-hfb-mobile-header-display":"","site-post-title":"disabled","ast-breadcrumbs-content":"","ast-featured-img":"","footer-sml-layout":"","ast-disable-related-posts":"","theme-transparent-header-meta":"","adv-header-id-meta":"","stick-header-meta":"","header-above-stick-meta":"","header-main-stick-meta":"","header-below-stick-meta":"","astra-migrate-meta-layouts":"set","ast-page-background-enabled":"default","ast-page-background-meta":{"desktop":{"background-color":"","background-image":"","background-repeat":"repeat","background-position":"center center","background-size":"auto","background-attachment":"scroll","background-type":"","background-media":"","overlay-type":"","overlay-color":"","overlay-opacity":"","overlay-gradient":""},"tablet":{"background-color":"","background-image":"","background-repeat":"repeat","background-position":"center center","background-size":"auto","background-attachment":"scroll","background-type":"","background-media":"","overlay-type":"","overlay-color":"","overlay-opacity":"","overlay-gradient":""},"mobile":{"background-color":"","background-image":"","background-repeat":"repeat","background-position":"center center","background-size":"auto","background-attachment":"scroll","background-type":"","background-media":"","overlay-type":"","overlay-color":"","overlay-opacity":"","overlay-gradient":""}},"ast-content-background-meta":{"desktop":{"background-color":"var(--ast-global-color-5)","background-image":"","background-repeat":"repeat","background-position":"center center","background-size":"auto","background-attachment":"scroll","background-type":"","background-media":"","overlay-type":"","overlay-color":"","overlay-opacity":"","overlay-gradient":""},"tablet":{"background-color":"var(--ast-global-color-5)","background-image":"","background-repeat":"repeat","background-position":"center center","background-size":"auto","background-attachment":"scroll","background-type":"","background-media":"","overlay-type":"","overlay-color":"","overlay-opacity":"","overlay-gradient":""},"mobile":{"background-color":"var(--ast-global-color-5)","background-image":"","background-repeat":"repeat","background-position":"center center","background-size":"auto","background-attachment":"scroll","background-type":"","background-media":"","overlay-type":"","overlay-color":"","overlay-opacity":"","overlay-gradient":""}},"footnotes":""},"class_list":["post-4794","page","type-page","status-publish","has-post-thumbnail","hentry"],"acf":[],"spectra_custom_meta":{"copied_media_ids":["a:3:{i:0;i:3348;i:1;i:1861;i:2;i:2113;}","a:3:{i:0;i:3348;i:1;i:2113;i:2;i:1861;}","a:3:{i:0;i:3348;i:1;i:2113;i:2;i:1861;}"],"referenced_media_ids":["a:0:{}","a:1:{i:0;i:3339;}","a:1:{i:0;i:3339;}"],"astra-migrate-meta-layouts":["set"],"_wp_page_template":[""],"_thumbnail_id":["3341"],"_yoast_indexnow_last_ping":["1769951838"],"_customize_changeset_uuid":["313c4bb1-5b20-43f1-a144-81110ef9de3a"],"site-sidebar-layout":["no-sidebar"],"site-content-layout":["page-builder"],"site-post-title":["disabled"],"_yoast_wpseo_estimated-reading-time-minutes":["4"],"_yoast_wpseo_content_score":["60"],"ast-site-content-layout":["full-width-container"],"site-content-style":["unboxed"],"site-sidebar-style":["unboxed"],"_wxr_import_user_slug":["emmanuelm"],"_astra_sites_imported_post":["1"],"_astra_sites_enable_for_batch":["1"],"_wpml_word_count":["282"],"_wpml_location_migration_done":["1"],"_yoast_wpseo_focuskeywords":[""],"_yoast_wpseo_keywordsynonyms":[""],"_yoast_wpseo_focuskw":["Online cursussen Engels"],"_yoast_wpseo_title":["Online cursussen Engels | Flexibele online priv\u00e9lessen"],"_yoast_wpseo_metadesc":["Neem Engelse priv\u00e9lessen online met een geweldige priv\u00e9docent van Language Corner. Leer flexibel en op jouw tempo!"],"_yoast_wpseo_linkdex":["66"],"footnotes":[""],"_yoast_post_redirect_info":["a:4:{s:6:\"origin\";s:44:\"nl\/engelse-cursussen\/online-cursussen-engels\";s:6:\"target\";s:27:\"nl\/engelse-cursussen\/online\";s:4:\"type\";i:301;s:6:\"format\";s:5:\"plain\";}"],"button_link":[""],"_button_link":["field_695e3292d5d4c"],"_last_translation_edit_mode":["native-editor"],"_yoast_wpseo_bctitle":["Online cursussen"],"_dp_original":["2658"],"_edit_last":["1"],"_edit_lock":["1769964471:1"],"_uag_css_file_name":["uag-css-4794.css"],"_uag_js_file_name":["uag-js-4794.js"],"_uagb_previous_block_counts":["a:90:{s:21:\"uagb\/advanced-heading\";i:9;s:15:\"uagb\/blockquote\";i:0;s:12:\"uagb\/buttons\";i:1;s:18:\"uagb\/buttons-child\";i:1;s:19:\"uagb\/call-to-action\";i:0;s:15:\"uagb\/cf7-styler\";i:0;s:11:\"uagb\/column\";i:0;s:12:\"uagb\/columns\";i:0;s:14:\"uagb\/container\";i:26;s:21:\"uagb\/content-timeline\";i:0;s:27:\"uagb\/content-timeline-child\";i:0;s:14:\"uagb\/countdown\";i:0;s:12:\"uagb\/counter\";i:0;s:8:\"uagb\/faq\";i:0;s:14:\"uagb\/faq-child\";i:0;s:10:\"uagb\/forms\";i:0;s:17:\"uagb\/forms-accept\";i:0;s:19:\"uagb\/forms-checkbox\";i:0;s:15:\"uagb\/forms-date\";i:0;s:16:\"uagb\/forms-email\";i:0;s:17:\"uagb\/forms-hidden\";i:0;s:15:\"uagb\/forms-name\";i:0;s:16:\"uagb\/forms-phone\";i:0;s:16:\"uagb\/forms-radio\";i:0;s:17:\"uagb\/forms-select\";i:0;s:19:\"uagb\/forms-textarea\";i:0;s:17:\"uagb\/forms-toggle\";i:0;s:14:\"uagb\/forms-url\";i:0;s:14:\"uagb\/gf-styler\";i:0;s:15:\"uagb\/google-map\";i:0;s:11:\"uagb\/how-to\";i:0;s:16:\"uagb\/how-to-step\";i:0;s:9:\"uagb\/icon\";i:3;s:14:\"uagb\/icon-list\";i:0;s:20:\"uagb\/icon-list-child\";i:0;s:10:\"uagb\/image\";i:0;s:18:\"uagb\/image-gallery\";i:0;s:13:\"uagb\/info-box\";i:0;s:18:\"uagb\/inline-notice\";i:0;s:11:\"uagb\/lottie\";i:0;s:21:\"uagb\/marketing-button\";i:0;s:10:\"uagb\/modal\";i:0;s:18:\"uagb\/popup-builder\";i:0;s:16:\"uagb\/post-button\";i:0;s:18:\"uagb\/post-carousel\";i:0;s:17:\"uagb\/post-excerpt\";i:0;s:14:\"uagb\/post-grid\";i:0;s:15:\"uagb\/post-image\";i:0;s:17:\"uagb\/post-masonry\";i:0;s:14:\"uagb\/post-meta\";i:0;s:18:\"uagb\/post-taxonomy\";i:0;s:18:\"uagb\/post-timeline\";i:0;s:15:\"uagb\/post-title\";i:0;s:20:\"uagb\/restaurant-menu\";i:0;s:26:\"uagb\/restaurant-menu-child\";i:0;s:11:\"uagb\/review\";i:0;s:12:\"uagb\/section\";i:0;s:14:\"uagb\/separator\";i:0;s:11:\"uagb\/slider\";i:0;s:17:\"uagb\/slider-child\";i:0;s:17:\"uagb\/social-share\";i:0;s:23:\"uagb\/social-share-child\";i:0;s:16:\"uagb\/star-rating\";i:0;s:23:\"uagb\/sure-cart-checkout\";i:0;s:22:\"uagb\/sure-cart-product\";i:0;s:15:\"uagb\/sure-forms\";i:0;s:22:\"uagb\/table-of-contents\";i:0;s:9:\"uagb\/tabs\";i:0;s:15:\"uagb\/tabs-child\";i:0;s:18:\"uagb\/taxonomy-list\";i:0;s:9:\"uagb\/team\";i:0;s:16:\"uagb\/testimonial\";i:0;s:14:\"uagb\/wp-search\";i:0;s:19:\"uagb\/instagram-feed\";i:0;s:10:\"uagb\/login\";i:0;s:17:\"uagb\/loop-builder\";i:0;s:18:\"uagb\/loop-category\";i:0;s:20:\"uagb\/loop-pagination\";i:0;s:15:\"uagb\/loop-reset\";i:0;s:16:\"uagb\/loop-search\";i:0;s:14:\"uagb\/loop-sort\";i:0;s:17:\"uagb\/loop-wrapper\";i:0;s:13:\"uagb\/register\";i:0;s:19:\"uagb\/register-email\";i:0;s:24:\"uagb\/register-first-name\";i:0;s:23:\"uagb\/register-last-name\";i:0;s:22:\"uagb\/register-password\";i:0;s:30:\"uagb\/register-reenter-password\";i:0;s:19:\"uagb\/register-terms\";i:0;s:22:\"uagb\/register-username\";i:0;}"],"_uagb_last_spectra_edit":["1777155313"]},"uagb_featured_image_src":{"full":["https:\/\/www.languagecorner.amsterdam\/wp-content\/uploads\/2026\/01\/Online-Nederlandse-cursus.jpg",960,666,false],"thumbnail":["https:\/\/www.languagecorner.amsterdam\/wp-content\/uploads\/2026\/01\/Online-Nederlandse-cursus-150x150.jpg",150,150,true],"medium":["https:\/\/www.languagecorner.amsterdam\/wp-content\/uploads\/2026\/01\/Online-Nederlandse-cursus-300x208.jpg",300,208,true],"medium_large":["https:\/\/www.languagecorner.amsterdam\/wp-content\/uploads\/2026\/01\/Online-Nederlandse-cursus-768x533.jpg",768,533,true],"large":["https:\/\/www.languagecorner.amsterdam\/wp-content\/uploads\/2026\/01\/Online-Nederlandse-cursus.jpg",960,666,false],"1536x1536":["https:\/\/www.languagecorner.amsterdam\/wp-content\/uploads\/2026\/01\/Online-Nederlandse-cursus.jpg",960,666,false],"2048x2048":["https:\/\/www.languagecorner.amsterdam\/wp-content\/uploads\/2026\/01\/Online-Nederlandse-cursus.jpg",960,666,false]},"uagb_author_info":{"display_name":"Eric2019","author_link":"https:\/\/www.languagecorner.amsterdam\/nl\/author\/eric2019\/"},"uagb_comment_info":0,"uagb_excerpt":"Onze online Engelse cursussen Wil je je Engels online verbeteren? Kies voor flexibele online Engelse lessen en studeer waar je maar wilt. Lees op deze pagina meer over al onze online Engelse lessen. Volg je liever lessen op onze locatie in Amsterdam? Bekijk dan al onze cursussen Engels. Alle Engelse cursussen kunnen ook op onze&hellip;","_links":{"self":[{"href":"https:\/\/www.languagecorner.amsterdam\/nl\/wp-json\/wp\/v2\/pages\/4794","targetHints":{"allow":["GET"]}}],"collection":[{"href":"https:\/\/www.languagecorner.amsterdam\/nl\/wp-json\/wp\/v2\/pages"}],"about":[{"href":"https:\/\/www.languagecorner.amsterdam\/nl\/wp-json\/wp\/v2\/types\/page"}],"author":[{"embeddable":true,"href":"https:\/\/www.languagecorner.amsterdam\/nl\/wp-json\/wp\/v2\/users\/1"}],"replies":[{"embeddable":true,"href":"https:\/\/www.languagecorner.amsterdam\/nl\/wp-json\/wp\/v2\/comments?post=4794"}],"version-history":[{"count":8,"href":"https:\/\/www.languagecorner.amsterdam\/nl\/wp-json\/wp\/v2\/pages\/4794\/revisions"}],"predecessor-version":[{"id":5819,"href":"https:\/\/www.languagecorner.amsterdam\/nl\/wp-json\/wp\/v2\/pages\/4794\/revisions\/5819"}],"up":[{"embeddable":true,"href":"https:\/\/www.languagecorner.amsterdam\/nl\/wp-json\/wp\/v2\/pages\/4726"}],"wp:featuredmedia":[{"embeddable":true,"href":"https:\/\/www.languagecorner.amsterdam\/nl\/wp-json\/wp\/v2\/media\/3341"}],"wp:attachment":[{"href":"https:\/\/www.languagecorner.amsterdam\/nl\/wp-json\/wp\/v2\/media?parent=4794"}],"curies":[{"name":"wp","href":"https:\/\/api.w.org\/{rel}","templated":true}]}}