{"id":4419,"date":"2026-01-21T12:16:39","date_gmt":"2026-01-21T11:16:39","guid":{"rendered":"https:\/\/www.languagecorner.amsterdam\/versterk-ons-team\/"},"modified":"2026-04-23T15:04:46","modified_gmt":"2026-04-23T14:04:46","slug":"unete-a-nuestro-equipo","status":"publish","type":"page","link":"https:\/\/www.languagecorner.amsterdam\/es\/unete-a-nuestro-equipo\/","title":{"rendered":"Unete a nuestro equipo"},"content":{"rendered":"\n<main class=\"wp-block-uagb-container uagb-block-abea35ed alignfull uagb-is-root-container\">\n<article class=\"wp-block-uagb-container uagb-block-fe0dd366 alignfull uagb-is-root-container\"><div class=\"uagb-container-inner-blocks-wrap\">\n<section class=\"wp-block-uagb-container uagb-block-dd564fc5 alignfull uagb-is-root-container\"><div class=\"uagb-container-inner-blocks-wrap\">\n<div class=\"wp-block-uagb-container uagb-block-8f660362\">\n<header class=\"wp-block-uagb-advanced-heading uagb-block-725a4139\"><h1 class=\"uagb-heading-text\">Trabajar en Language Corner<\/h1><div class=\"uagb-separator\"><\/div><\/header>\n\n\n\n<div class=\"wp-block-uagb-advanced-heading uagb-block-1475ea46\"><p class=\"uagb-heading-text\">\u00bfTe interesa trabajar en Language Corner? \u00a1Genial! Somos una empresa joven que est\u00e1 construyendo un gran equipo. Nuestro equipo es en\u00e9rgico, profesional, positivo y lleno de buenas personalidades. A continuaci\u00f3n puedes ver si hay alguna vacante que encaje contigo. A menudo buscamos profesores nativos de ingl\u00e9s o holand\u00e9s en \u00c1msterdam.<br><br>\u00bfNo hay ninguna oferta que se adapte a ti en este momento? Tambi\u00e9n puedes enviarnos <a href=\"https:\/\/crm.languagecorner.amsterdam\/Web\/TeacherApplication\/3\">una candidatura espont\u00e1nea<\/a>.<\/p><\/div>\n\n\n\n<p><em>\u00bfQuieres saber m\u00e1s sobre nuestra academia de idiomas y el equipo actual? Entonces consulta nuestra filosof\u00eda en <a href=\"https:\/\/www.languagecorner.amsterdam\/es\/sobre-language-corner\/\">la p\u00e1gina de sobre nosotros<\/a> o conoce a los miembros de <a href=\"https:\/\/www.languagecorner.amsterdam\/es\/nuestro-equipo\/\">nuestro equipo<\/a>.<\/em><\/p>\n\n\n\n<div class=\"wp-block-uagb-container uagb-block-88a918e3\">\n<div class=\"wp-block-uagb-buttons uagb-buttons__outer-wrap uagb-btn__default-btn uagb-btn-tablet__default-btn uagb-btn-mobile__default-btn uagb-block-684bbdde\"><div class=\"uagb-buttons__wrap uagb-buttons-layout-wrap \">\n<div class=\"wp-block-uagb-buttons-child uagb-buttons__outer-wrap uagb-block-7a3674e5 wp-block-button btn--secondary\"><div class=\"uagb-button__wrapper\"><a class=\"uagb-buttons-repeater wp-block-button__link\" aria-label=\"\" href=\"#jobs\" rel=\"follow noopener\" target=\"_self\" role=\"button\"><div class=\"uagb-button__link\">Ver vacantes<\/div><\/a><\/div><\/div>\n<\/div><\/div>\n<\/div>\n<\/div>\n<\/div><\/section>\n\n\n\n<section id=\"jobs\" class=\"wp-block-uagb-container uagb-block-8de90fc6 alignfull uagb-is-root-container\"><div class=\"uagb-container-inner-blocks-wrap\">\n<header class=\"wp-block-uagb-advanced-heading uagb-block-9751079f\"><h2 class=\"uagb-heading-text\">Vacantes Language Corner<\/h2><div class=\"uagb-separator\"><\/div><\/header>\n\n\n\n<div class=\"wp-block-uagb-container uagb-block-d8dd8fd5\">\n<div class=\"wp-block-uagb-container uagb-block-c939a0d9\">\n<div class=\"wp-block-uagb-advanced-heading uagb-block-b6db2fbe\"><h3 class=\"uagb-heading-text\">Profesor freelance de holand\u00e9s en \u00c1msterdam<\/h3><\/div>\n\n\n\n<p>Buscamos profesores nativos de holand\u00e9s, entusiastas y con buena energ\u00eda, para trabajar como freelance en \u00c1msterdam. \u00bfTienes experiencia ense\u00f1ando holand\u00e9s a adultos o cuentas con las certificaciones necesarias? \u00bfO simplemente sientes que has nacido para ense\u00f1ar holand\u00e9s?<\/p>\n\n\n\n<p>\u00bfEst\u00e1s disponible entre semana por las tardes (al menos 2 tardes) y\/o los s\u00e1bados? Entonces puede que estemos buscando a alguien como t\u00fa.<\/p>\n\n\n\n<p>Puedes encontrar m\u00e1s informaci\u00f3n sobre esta vacante de profesor de holand\u00e9s haciendo clic en el enlace de abajo. All\u00ed tambi\u00e9n encontrar\u00e1s el formulario de solicitud.<\/p>\n\n\n\n<p><strong>Condiciones y requisitos<\/strong><\/p>\n\n\n\n<ul class=\"wp-block-list\">\n<li>Profesor freelance: es necesario estar registrado en la C\u00e1mara de Comercio (KvK)<\/li>\n\n\n\n<li>Profesor de holand\u00e9s con experiencia o certificaci\u00f3n<\/li>\n\n\n\n<li>Solo profesores nativos de holand\u00e9s: nacidos y criados en los Pa\u00edses Bajos<\/li>\n\n\n\n<li>Personalidad positiva y buen ambiente<\/li>\n\n\n\n<li>Residencia en \u00c1msterdam o alrededores<\/li>\n\n\n\n<li>Indicaci\u00f3n de tarifa por hora: \u20ac 36\u201343 por hora<\/li>\n<\/ul>\n\n\n\n<p><em>(La tarifa por hora aplica a clases particulares y cursos en grupo. Para cursos en empresas puede aplicarse una tarifa diferente)<\/em><\/p>\n\n\n\n<div class=\"wp-block-uagb-buttons uagb-buttons__outer-wrap uagb-btn__default-btn uagb-btn-tablet__default-btn uagb-btn-mobile__default-btn uagb-block-b2443f61\"><div class=\"uagb-buttons__wrap uagb-buttons-layout-wrap \">\n<div class=\"wp-block-uagb-buttons-child uagb-buttons__outer-wrap uagb-block-fd1acfd7 wp-block-button\"><div class=\"uagb-button__wrapper\"><a class=\"uagb-buttons-repeater wp-block-button__link\" aria-label=\"\" href=\"https:\/\/crm.languagecorner.amsterdam\/Web\/TeacherApplication\/3\" rel=\"follow noopener\" target=\"_self\" role=\"button\"><div class=\"uagb-button__link\">M\u00e1s informaci\u00f3n y formulario de solicitud<\/div><\/a><\/div><\/div>\n<\/div><\/div>\n<\/div>\n\n\n\n<figure class=\"wp-block-uagb-container uagb-block-5c190cea\"><\/figure>\n<\/div>\n<\/div><\/section>\n<\/div><\/article>\n<\/main>\n","protected":false},"excerpt":{"rendered":"<p>Trabajar en Language Corner \u00bfTe interesa trabajar en Language Corner? \u00a1Genial! Somos una empresa joven que est\u00e1 construyendo un gran equipo. Nuestro equipo es en\u00e9rgico, profesional, positivo y lleno de buenas personalidades. A continuaci\u00f3n puedes ver si hay alguna vacante que encaje contigo. A menudo buscamos profesores nativos de ingl\u00e9s o holand\u00e9s en \u00c1msterdam. \u00bfNo [&hellip;]<\/p>\n","protected":false},"author":1,"featured_media":0,"parent":0,"menu_order":0,"comment_status":"closed","ping_status":"closed","template":"","meta":{"_acf_changed":false,"_uag_custom_page_level_css":"","site-sidebar-layout":"default","site-content-layout":"","ast-site-content-layout":"default","site-content-style":"default","site-sidebar-style":"default","ast-global-header-display":"","ast-banner-title-visibility":"","ast-main-header-display":"","ast-hfb-above-header-display":"","ast-hfb-below-header-display":"","ast-hfb-mobile-header-display":"","site-post-title":"disabled","ast-breadcrumbs-content":"","ast-featured-img":"","footer-sml-layout":"","ast-disable-related-posts":"","theme-transparent-header-meta":"","adv-header-id-meta":"","stick-header-meta":"","header-above-stick-meta":"","header-main-stick-meta":"","header-below-stick-meta":"","astra-migrate-meta-layouts":"set","ast-page-background-enabled":"default","ast-page-background-meta":{"desktop":{"background-color":"","background-image":"","background-repeat":"repeat","background-position":"center center","background-size":"auto","background-attachment":"scroll","background-type":"","background-media":"","overlay-type":"","overlay-color":"","overlay-opacity":"","overlay-gradient":""},"tablet":{"background-color":"","background-image":"","background-repeat":"repeat","background-position":"center center","background-size":"auto","background-attachment":"scroll","background-type":"","background-media":"","overlay-type":"","overlay-color":"","overlay-opacity":"","overlay-gradient":""},"mobile":{"background-color":"","background-image":"","background-repeat":"repeat","background-position":"center center","background-size":"auto","background-attachment":"scroll","background-type":"","background-media":"","overlay-type":"","overlay-color":"","overlay-opacity":"","overlay-gradient":""}},"ast-content-background-meta":{"desktop":{"background-color":"var(--ast-global-color-5)","background-image":"","background-repeat":"repeat","background-position":"center center","background-size":"auto","background-attachment":"scroll","background-type":"","background-media":"","overlay-type":"","overlay-color":"","overlay-opacity":"","overlay-gradient":""},"tablet":{"background-color":"var(--ast-global-color-5)","background-image":"","background-repeat":"repeat","background-position":"center center","background-size":"auto","background-attachment":"scroll","background-type":"","background-media":"","overlay-type":"","overlay-color":"","overlay-opacity":"","overlay-gradient":""},"mobile":{"background-color":"var(--ast-global-color-5)","background-image":"","background-repeat":"repeat","background-position":"center center","background-size":"auto","background-attachment":"scroll","background-type":"","background-media":"","overlay-type":"","overlay-color":"","overlay-opacity":"","overlay-gradient":""}},"footnotes":""},"class_list":["post-4419","page","type-page","status-publish","hentry"],"acf":[],"spectra_custom_meta":{"_yoast_indexnow_last_ping":["1776953087"],"copied_media_ids":["a:0:{}"],"referenced_media_ids":["a:0:{}"],"_wpml_word_count":["327"],"_wpml_location_migration_done":["1"],"_uag_custom_page_level_css":[""],"site-sidebar-layout":["default"],"site-content-layout":[""],"ast-site-content-layout":["default"],"site-content-style":["default"],"site-sidebar-style":["default"],"ast-global-header-display":[""],"ast-banner-title-visibility":[""],"ast-main-header-display":[""],"ast-hfb-above-header-display":[""],"ast-hfb-below-header-display":[""],"ast-hfb-mobile-header-display":[""],"site-post-title":["disabled"],"ast-breadcrumbs-content":[""],"ast-featured-img":[""],"footer-sml-layout":[""],"ast-disable-related-posts":[""],"theme-transparent-header-meta":[""],"adv-header-id-meta":[""],"stick-header-meta":[""],"header-above-stick-meta":[""],"header-main-stick-meta":[""],"header-below-stick-meta":[""],"ast-page-background-enabled":["default"],"ast-page-background-meta":["a:3:{s:7:\"desktop\";a:12:{s:16:\"background-color\";s:0:\"\";s:16:\"background-image\";s:0:\"\";s:17:\"background-repeat\";s:6:\"repeat\";s:19:\"background-position\";s:13:\"center center\";s:15:\"background-size\";s:4:\"auto\";s:21:\"background-attachment\";s:6:\"scroll\";s:15:\"background-type\";s:0:\"\";s:16:\"background-media\";s:0:\"\";s:12:\"overlay-type\";s:0:\"\";s:13:\"overlay-color\";s:0:\"\";s:15:\"overlay-opacity\";s:0:\"\";s:16:\"overlay-gradient\";s:0:\"\";}s:6:\"tablet\";a:12:{s:16:\"background-color\";s:0:\"\";s:16:\"background-image\";s:0:\"\";s:17:\"background-repeat\";s:6:\"repeat\";s:19:\"background-position\";s:13:\"center center\";s:15:\"background-size\";s:4:\"auto\";s:21:\"background-attachment\";s:6:\"scroll\";s:15:\"background-type\";s:0:\"\";s:16:\"background-media\";s:0:\"\";s:12:\"overlay-type\";s:0:\"\";s:13:\"overlay-color\";s:0:\"\";s:15:\"overlay-opacity\";s:0:\"\";s:16:\"overlay-gradient\";s:0:\"\";}s:6:\"mobile\";a:12:{s:16:\"background-color\";s:0:\"\";s:16:\"background-image\";s:0:\"\";s:17:\"background-repeat\";s:6:\"repeat\";s:19:\"background-position\";s:13:\"center center\";s:15:\"background-size\";s:4:\"auto\";s:21:\"background-attachment\";s:6:\"scroll\";s:15:\"background-type\";s:0:\"\";s:16:\"background-media\";s:0:\"\";s:12:\"overlay-type\";s:0:\"\";s:13:\"overlay-color\";s:0:\"\";s:15:\"overlay-opacity\";s:0:\"\";s:16:\"overlay-gradient\";s:0:\"\";}}"],"ast-content-background-meta":["a:3:{s:7:\"desktop\";a:12:{s:16:\"background-color\";s:25:\"var(--ast-global-color-5)\";s:16:\"background-image\";s:0:\"\";s:17:\"background-repeat\";s:6:\"repeat\";s:19:\"background-position\";s:13:\"center center\";s:15:\"background-size\";s:4:\"auto\";s:21:\"background-attachment\";s:6:\"scroll\";s:15:\"background-type\";s:0:\"\";s:16:\"background-media\";s:0:\"\";s:12:\"overlay-type\";s:0:\"\";s:13:\"overlay-color\";s:0:\"\";s:15:\"overlay-opacity\";s:0:\"\";s:16:\"overlay-gradient\";s:0:\"\";}s:6:\"tablet\";a:12:{s:16:\"background-color\";s:25:\"var(--ast-global-color-5)\";s:16:\"background-image\";s:0:\"\";s:17:\"background-repeat\";s:6:\"repeat\";s:19:\"background-position\";s:13:\"center center\";s:15:\"background-size\";s:4:\"auto\";s:21:\"background-attachment\";s:6:\"scroll\";s:15:\"background-type\";s:0:\"\";s:16:\"background-media\";s:0:\"\";s:12:\"overlay-type\";s:0:\"\";s:13:\"overlay-color\";s:0:\"\";s:15:\"overlay-opacity\";s:0:\"\";s:16:\"overlay-gradient\";s:0:\"\";}s:6:\"mobile\";a:12:{s:16:\"background-color\";s:25:\"var(--ast-global-color-5)\";s:16:\"background-image\";s:0:\"\";s:17:\"background-repeat\";s:6:\"repeat\";s:19:\"background-position\";s:13:\"center center\";s:15:\"background-size\";s:4:\"auto\";s:21:\"background-attachment\";s:6:\"scroll\";s:15:\"background-type\";s:0:\"\";s:16:\"background-media\";s:0:\"\";s:12:\"overlay-type\";s:0:\"\";s:13:\"overlay-color\";s:0:\"\";s:15:\"overlay-opacity\";s:0:\"\";s:16:\"overlay-gradient\";s:0:\"\";}}"],"footnotes":[""],"button_link":[""],"_button_link":["field_695e3292d5d4c"],"_yoast_wpseo_focuskw":["Ofertas de empleo Language Corner"],"_yoast_wpseo_title":["Ofertas de empleo en Language Corner \u2013 \u00danete al equipo"],"_yoast_wpseo_metadesc":["\u00danete al equipo de Language Corner. Consulta las vacantes para profesores de espa\u00f1ol, ingl\u00e9s o holand\u00e9s en \u00c1msterdam."],"_yoast_wpseo_linkdex":["63"],"_yoast_wpseo_content_score":["60"],"_yoast_wpseo_focuskeywords":[""],"_yoast_wpseo_keywordsynonyms":[""],"_yoast_wpseo_estimated-reading-time-minutes":[""],"_yoast_post_redirect_info":["a:4:{s:6:\"origin\";s:20:\"es\/versterk-ons-team\";s:6:\"target\";s:25:\"es\/unete-a-nuestro-equipo\";s:4:\"type\";i:301;s:6:\"format\";s:5:\"plain\";}"],"_last_translation_edit_mode":["native-editor"],"_edit_lock":["1776953089:1"],"astra-migrate-meta-layouts":["set"],"_edit_last":["1"],"_wp_page_template":[""],"_uag_css_file_name":["uag-css-4419.css"],"_uag_js_file_name":["uag-js-4419.js"],"_uagb_previous_block_counts":["a:90:{s:21:\"uagb\/advanced-heading\";i:4;s:15:\"uagb\/blockquote\";i:0;s:12:\"uagb\/buttons\";i:2;s:18:\"uagb\/buttons-child\";i:2;s:19:\"uagb\/call-to-action\";i:0;s:15:\"uagb\/cf7-styler\";i:0;s:11:\"uagb\/column\";i:0;s:12:\"uagb\/columns\";i:0;s:14:\"uagb\/container\";i:9;s:21:\"uagb\/content-timeline\";i:0;s:27:\"uagb\/content-timeline-child\";i:0;s:14:\"uagb\/countdown\";i:0;s:12:\"uagb\/counter\";i:0;s:8:\"uagb\/faq\";i:0;s:14:\"uagb\/faq-child\";i:0;s:10:\"uagb\/forms\";i:0;s:17:\"uagb\/forms-accept\";i:0;s:19:\"uagb\/forms-checkbox\";i:0;s:15:\"uagb\/forms-date\";i:0;s:16:\"uagb\/forms-email\";i:0;s:17:\"uagb\/forms-hidden\";i:0;s:15:\"uagb\/forms-name\";i:0;s:16:\"uagb\/forms-phone\";i:0;s:16:\"uagb\/forms-radio\";i:0;s:17:\"uagb\/forms-select\";i:0;s:19:\"uagb\/forms-textarea\";i:0;s:17:\"uagb\/forms-toggle\";i:0;s:14:\"uagb\/forms-url\";i:0;s:14:\"uagb\/gf-styler\";i:0;s:15:\"uagb\/google-map\";i:0;s:11:\"uagb\/how-to\";i:0;s:16:\"uagb\/how-to-step\";i:0;s:9:\"uagb\/icon\";i:0;s:14:\"uagb\/icon-list\";i:0;s:20:\"uagb\/icon-list-child\";i:0;s:10:\"uagb\/image\";i:0;s:18:\"uagb\/image-gallery\";i:0;s:13:\"uagb\/info-box\";i:0;s:18:\"uagb\/inline-notice\";i:0;s:11:\"uagb\/lottie\";i:0;s:21:\"uagb\/marketing-button\";i:0;s:10:\"uagb\/modal\";i:0;s:18:\"uagb\/popup-builder\";i:0;s:16:\"uagb\/post-button\";i:0;s:18:\"uagb\/post-carousel\";i:0;s:17:\"uagb\/post-excerpt\";i:0;s:14:\"uagb\/post-grid\";i:0;s:15:\"uagb\/post-image\";i:0;s:17:\"uagb\/post-masonry\";i:0;s:14:\"uagb\/post-meta\";i:0;s:18:\"uagb\/post-taxonomy\";i:0;s:18:\"uagb\/post-timeline\";i:0;s:15:\"uagb\/post-title\";i:0;s:20:\"uagb\/restaurant-menu\";i:0;s:26:\"uagb\/restaurant-menu-child\";i:0;s:11:\"uagb\/review\";i:0;s:12:\"uagb\/section\";i:0;s:14:\"uagb\/separator\";i:0;s:11:\"uagb\/slider\";i:0;s:17:\"uagb\/slider-child\";i:0;s:17:\"uagb\/social-share\";i:0;s:23:\"uagb\/social-share-child\";i:0;s:16:\"uagb\/star-rating\";i:0;s:23:\"uagb\/sure-cart-checkout\";i:0;s:22:\"uagb\/sure-cart-product\";i:0;s:15:\"uagb\/sure-forms\";i:0;s:22:\"uagb\/table-of-contents\";i:0;s:9:\"uagb\/tabs\";i:0;s:15:\"uagb\/tabs-child\";i:0;s:18:\"uagb\/taxonomy-list\";i:0;s:9:\"uagb\/team\";i:0;s:16:\"uagb\/testimonial\";i:0;s:14:\"uagb\/wp-search\";i:0;s:19:\"uagb\/instagram-feed\";i:0;s:10:\"uagb\/login\";i:0;s:17:\"uagb\/loop-builder\";i:0;s:18:\"uagb\/loop-category\";i:0;s:20:\"uagb\/loop-pagination\";i:0;s:15:\"uagb\/loop-reset\";i:0;s:16:\"uagb\/loop-search\";i:0;s:14:\"uagb\/loop-sort\";i:0;s:17:\"uagb\/loop-wrapper\";i:0;s:13:\"uagb\/register\";i:0;s:19:\"uagb\/register-email\";i:0;s:24:\"uagb\/register-first-name\";i:0;s:23:\"uagb\/register-last-name\";i:0;s:22:\"uagb\/register-password\";i:0;s:30:\"uagb\/register-reenter-password\";i:0;s:19:\"uagb\/register-terms\";i:0;s:22:\"uagb\/register-username\";i:0;}"],"_uagb_last_spectra_edit":["1777155313"]},"uagb_featured_image_src":{"full":false,"thumbnail":false,"medium":false,"medium_large":false,"large":false,"1536x1536":false,"2048x2048":false},"uagb_author_info":{"display_name":"Eric2019","author_link":"https:\/\/www.languagecorner.amsterdam\/es\/author\/eric2019\/"},"uagb_comment_info":0,"uagb_excerpt":"Trabajar en Language Corner \u00bfTe interesa trabajar en Language Corner? \u00a1Genial! Somos una empresa joven que est\u00e1 construyendo un gran equipo. Nuestro equipo es en\u00e9rgico, profesional, positivo y lleno de buenas personalidades. A continuaci\u00f3n puedes ver si hay alguna vacante que encaje contigo. A menudo buscamos profesores nativos de ingl\u00e9s o holand\u00e9s en \u00c1msterdam. \u00bfNo&hellip;","_links":{"self":[{"href":"https:\/\/www.languagecorner.amsterdam\/es\/wp-json\/wp\/v2\/pages\/4419","targetHints":{"allow":["GET"]}}],"collection":[{"href":"https:\/\/www.languagecorner.amsterdam\/es\/wp-json\/wp\/v2\/pages"}],"about":[{"href":"https:\/\/www.languagecorner.amsterdam\/es\/wp-json\/wp\/v2\/types\/page"}],"author":[{"embeddable":true,"href":"https:\/\/www.languagecorner.amsterdam\/es\/wp-json\/wp\/v2\/users\/1"}],"replies":[{"embeddable":true,"href":"https:\/\/www.languagecorner.amsterdam\/es\/wp-json\/wp\/v2\/comments?post=4419"}],"version-history":[{"count":5,"href":"https:\/\/www.languagecorner.amsterdam\/es\/wp-json\/wp\/v2\/pages\/4419\/revisions"}],"predecessor-version":[{"id":6363,"href":"https:\/\/www.languagecorner.amsterdam\/es\/wp-json\/wp\/v2\/pages\/4419\/revisions\/6363"}],"wp:attachment":[{"href":"https:\/\/www.languagecorner.amsterdam\/es\/wp-json\/wp\/v2\/media?parent=4419"}],"curies":[{"name":"wp","href":"https:\/\/api.w.org\/{rel}","templated":true}]}}